{"id":20,"date":"2020-12-16T20:11:31","date_gmt":"2020-12-16T20:11:31","guid":{"rendered":"http:\/\/vsd-asv.ch\/wordpress\/?page_id=20"},"modified":"2026-03-12T21:11:44","modified_gmt":"2026-03-12T21:11:44","slug":"vsd-asv","status":"publish","type":"page","link":"https:\/\/vsd-asv.ch\/","title":{"rendered":"Home"},"content":{"rendered":"\n<p><br><\/p>\n\n\n\n<blockquote class=\"wp-block-quote is-layout-flow wp-block-quote-is-layout-flow\">\n<p><\/p>\n\n\n\n<p><\/p>\n\n\n\n<p><strong>Generalversammlung 2026<\/strong> &#8211; Sonntag, 12. April 2026 &#8211; Schaffhausen<br><a href=\"https:\/\/vsd-asv.ch\/Mitgliederbereich\" data-type=\"link\" data-id=\"https:\/\/vsd-asv.ch\/mitgliederbereich\" target=\"_blank\" rel=\"noreferrer noopener\">\u25b6<\/a><a href=\"hthttps:\/\/vsd-asv.ch\/index.php\/downloads\/\" data-type=\"page\" data-id=\"38\" target=\"_blank\" rel=\"noreferrer noopener\"><\/a> Unterlagen im Mitgliederbereich verf\u00fcgbar.<\/p>\n\n\n\n<p><\/p>\n\n\n\n<p>Im Februar 2025 hiess es: Die SS DELPHINE wird im Februar versteigert. <a href=\"https:\/\/vsd-asv.ch\/docs\/Michael_Neuer\/SS_DELPHINE.pdf\">Dazu mehr.<\/a><br>Nun liegt die folgende Information vor (Quelle: Google):<\/p>\n\n\n\n<p>Das Dampfschiff&nbsp;<strong>SS DELPHINE<\/strong>&nbsp;befindet sich im Januar 2026 weiterhin in&nbsp;<strong>Marseille, Frankreich<\/strong>. Nach einer Phase grosser Unsicherheit und einer drohenden Zwangsversteigerung im Jahr 2025 scheint sich die Lage stabilisiert zu haben.&nbsp;<\/p>\n\n\n\n<p>Aktueller Status (Januar 2026)<\/p>\n\n\n\n<ul class=\"wp-block-list\">\n<li><strong>Standort:<\/strong>&nbsp;Die Yacht liegt im Hafen von Marseille (Sud Marine Shipyard) vor Anker.<\/li>\n\n\n\n<li><strong>Besitzverh\u00e4ltnisse:<\/strong>&nbsp;Eine f\u00fcr Februar 2025 angesetzte gerichtliche Auktion wurde kurzfristig abgesagt. Der aktuelle Eigent\u00fcmer hat Berichten zufolge die Kontrolle \u00fcber das Schiff zur\u00fcckerlangt, nachdem ausstehende Rechnungen bei der Werft beglichen wurden oder eine anderweitige Einigung erzielt wurde.<\/li>\n\n\n\n<li><strong>Zustand und Zukunft:<\/strong>&nbsp;Das Schiff befindet sich momentan in einem \u00fcberholungsbed\u00fcrftigen Zustand. Es l\u00e4uft derzeit ein&nbsp;<strong>Refit-Programm<\/strong>, um die historische Dampfyacht wieder in einen betriebsf\u00e4higen Zustand zu versetzen. Ehemalige Besatzungsmitglieder, darunter langj\u00e4hrige Ingenieure, wurden teilweise zur\u00fcckgerufen, um die komplexen Dampfmaschinen zu betreuen.<\/li>\n<\/ul>\n\n\n\n<p><\/p>\n\n\n\n<p>Die Vereinigung Schweizer Dampfbootfreunde ist f\u00fcr alle Liebhaber und Eigner von Dampfbooten da. Viele gemeinsame Aktivit\u00e4ten erlauben den Mitgliedern den regen Kontakt mit Gleichgesinnten. Auch Mitglieder ohne eigene Dampfboote sind willkommen und k\u00f6nnen von den zahlreichen Mitfahrgelegenheiten profitieren. Der VSD f\u00fchrt jedes Jahr zahlreiche Aktivit\u00e4ten und Dampfboottreffen durch.<\/p>\n\n\n\n<p><a href=\"https:\/\/www.ig-dampfwalensee.ch\/.cm4all\/uproc.php\/0\/OLMA\/.GEORDIE_OLMA_2024.mp4\/video.mp4?_=192859dc3d0\" data-type=\"link\" data-id=\"https:\/\/vsd-asv.ch\/wordpress\/docs\/Video\" target=\"_blank\" rel=\"noreferrer noopener\">GEORDIE an der OLMA 2024<\/a><br>Weitere Infos unter <a href=\"http:\/\/www.ig-dampfwalensee.ch\">www.ig-dampfwalensee.ch<\/a><\/p>\n\n\n\n<p><a href=\"https:\/\/vsd-asv.ch\/docs\/Veranstaltungen\/Review_OBT_2023.pdf\">Impressionen Jubil\u00e4um Rapperswil<\/a> 2023 <\/p>\n\n\n\n<h2 class=\"wp-block-heading\"><a href=\"https:\/\/vsd-asv.ch\/docs\/999_Agenda.pdf\" target=\"_blank\" rel=\"noreferrer noopener\">Agenda<\/a><\/h2>\n\n\n\n<p>Die Agenda wird demn\u00e4chst mit den Terminen aktualisiert.<\/p>\n\n\n\n<p>SCHIFFIG &#8211; Das Schweizer Schiffsmagazin ist da &#8211; viertelj\u00e4hrlich in Ihrem Briefkasten<br>Mitglieder des VSD-ASV erhalten die Zeitschrift periodisch.<br>Interessierte finden den Kontakt unter dem obigen Link.<\/p>\n\n\n\n<p><\/p>\n\n\n\n<h2 class=\"wp-block-heading\">Vereinsorganisation<\/h2>\n\n\n\n<p><\/p>\n\n\n\n<p><a href=\"https:\/\/vsd-asv.ch\/docs\/Organigramm.pdf\" data-type=\"page\">Organigramm<\/a><\/p>\n\n\n\n<p><a href=\"https:\/\/vsd-asv.ch\/docs\/Beitrittsgesuch_23_Jan.pdf.\" data-type=\"URL\" data-id=\"https:\/\/vsd-asv.ch\/docs\/Beitrittsgesuch_23_Jan.pdf.\" target=\"_blank\" rel=\"noreferrer noopener\">Beitrittsgesuche<\/a> bitte per E-Mail oder Post senden.<\/p>\n\n\n\n<p><\/p>\n\n\n\n<p><\/p>\n<\/blockquote>\n\n\n\n<p><\/p>\n","protected":false},"excerpt":{"rendered":"","protected":false},"author":2,"featured_media":2316,"parent":0,"menu_order":0,"comment_status":"closed","ping_status":"closed","template":"","meta":{"footnotes":""},"class_list":["post-20","page","type-page","status-publish","has-post-thumbnail"],"_links":{"self":[{"href":"https:\/\/vsd-asv.ch\/index.php\/wp-json\/wp\/v2\/pages\/20","targetHints":{"allow":["GET"]}}],"collection":[{"href":"https:\/\/vsd-asv.ch\/index.php\/wp-json\/wp\/v2\/pages"}],"about":[{"href":"https:\/\/vsd-asv.ch\/index.php\/wp-json\/wp\/v2\/types\/page"}],"author":[{"embeddable":true,"href":"https:\/\/vsd-asv.ch\/index.php\/wp-json\/wp\/v2\/users\/2"}],"replies":[{"embeddable":true,"href":"https:\/\/vsd-asv.ch\/index.php\/wp-json\/wp\/v2\/comments?post=20"}],"version-history":[{"count":167,"href":"https:\/\/vsd-asv.ch\/index.php\/wp-json\/wp\/v2\/pages\/20\/revisions"}],"predecessor-version":[{"id":2325,"href":"https:\/\/vsd-asv.ch\/index.php\/wp-json\/wp\/v2\/pages\/20\/revisions\/2325"}],"wp:featuredmedia":[{"embeddable":true,"href":"https:\/\/vsd-asv.ch\/index.php\/wp-json\/wp\/v2\/media\/2316"}],"wp:attachment":[{"href":"https:\/\/vsd-asv.ch\/index.php\/wp-json\/wp\/v2\/media?parent=20"}],"curies":[{"name":"wp","href":"https:\/\/api.w.org\/{rel}","templated":true}]}}