{"id":36,"date":"2020-12-20T13:02:04","date_gmt":"2020-12-20T13:02:04","guid":{"rendered":"http:\/\/vsd-asv.ch\/wordpress\/?page_id=36"},"modified":"2026-02-10T07:27:01","modified_gmt":"2026-02-10T07:27:01","slug":"downloads","status":"publish","type":"page","link":"https:\/\/vsd-asv.ch\/index.php\/downloads\/","title":{"rendered":"Downloads"},"content":{"rendered":"\n<h4 class=\"wp-block-heading\">Vereinsunterlagen<\/h4>\n\n\n\n<p><\/p>\n\n\n\n<p><\/p>\n\n\n\n<p><a href=\"https:\/\/vsd-asv.ch\/docs\/VSD-Vorstand.pdf\" data-type=\"URL\" data-id=\"https:\/\/vsd-asv.ch\/docs\/VSD-Vorstand.pdf\" target=\"_blank\" rel=\"noreferrer noopener\">VSD-Vorstand<\/a><br><a href=\"https:\/\/vsd-asv.ch\/docs\/VSD-FAQ.pdf\" data-type=\"URL\" data-id=\"https:\/\/vsd-asv.ch\/docs\/VSD-FAQ.pdf\" target=\"_blank\" rel=\"noreferrer noopener\">VSD-FAQ<\/a><br><a href=\"https:\/\/vsd-asv.ch\/docs\/VSD-Dampfbootregister.pdf\" data-type=\"URL\" data-id=\"https:\/\/vsd-asv.ch\/docs\/VSD-Dampfbootregister.pdf\" target=\"_blank\" rel=\"noreferrer noopener\">VSD-Dampfbootregister alt<\/a><br><a href=\"https:\/\/vsd-asv.ch\/Register\">VSD-Dampfbootregister aktuell<\/a><br><a href=\"https:\/\/vsd-asv.ch\/docs\/VSD-Datenschutzerklaerung.pdf\" data-type=\"URL\" data-id=\"https:\/\/vsd-asv.ch\/docs\/VSD-Datenschutzerklaerung.pdf\" target=\"_blank\" rel=\"noreferrer noopener\">VSD-Datenschutzerkl\u00e4rung<\/a><br><a href=\"https:\/\/vsd-asv.ch\/docs\/2020-Statuten-DE.pdf\" data-type=\"URL\" data-id=\"https:\/\/vsd-asv.ch\/docs\/2020-Statuten-DE.pdf\" target=\"_blank\" rel=\"noreferrer noopener\">VSD-Statuten 2020 deutsch<\/a><br><a href=\"https:\/\/vsd-asv.ch\/docs\/2020-Statuten-FR.pdf\" data-type=\"URL\" data-id=\"https:\/\/vsd-asv.ch\/docs\/2020-Statuten-FR.pdf\" target=\"_blank\" rel=\"noreferrer noopener\">ASV-Statuts 2020 fran\u00e7ais<\/a><\/p>\n\n\n\n<h4 class=\"wp-block-heading\">Mitgliederbereich<\/h4>\n\n\n\n<p><a href=\"https:\/\/vsd-asv.ch\/Mitgliederbereich\" data-type=\"URL\" data-id=\"https:\/\/vsd-asv.ch\/Mitgliederbereich\" target=\"_blank\" rel=\"noreferrer noopener\">Mitgliederbereich<\/a><\/p>\n\n\n\n<h4 class=\"wp-block-heading\">Beitr\u00e4ge und Artikel<\/h4>\n\n\n\n<p><a rel=\"noreferrer noopener\" href=\"https:\/\/vsd-asv.ch\/docs\/Boote_9_10_Dampf_Attersee.pdf\" data-type=\"URL\" data-id=\"https:\/\/vsd-asv.ch\/docs\/Boote_9_10_Dampf_Attersee.pdf\" target=\"_blank\">Dampf Attersee<\/a><br><a rel=\"noreferrer noopener\" href=\"https:\/\/vsd-asv.ch\/docs\/Naphta-Dampfboote.pdf\" data-type=\"URL\" data-id=\"https:\/\/vsd-asv.ch\/docs\/Naphta-Dampfboote.pdf\" target=\"_blank\">Naphta-Dampfboote<\/a><br><a rel=\"noreferrer noopener\" href=\"https:\/\/vsd-asv.ch\/docs\/Schweizer_Familie_29_2019.pdf\" data-type=\"URL\" data-id=\"https:\/\/vsd-asv.ch\/docs\/Schweizer_Familie_29_2019.pdf\" target=\"_blank\">Schweizer_Familie_29_2019<\/a><br><a rel=\"noreferrer noopener\" href=\"https:\/\/vsd-asv.ch\/docs\/2021-Dampfbootwoche-Juragewaesser.pdf\" data-type=\"URL\" data-id=\"https:\/\/vsd-asv.ch\/docs\/2021-Dampfbootwoche-Juragewaesser.pdf\" target=\"_blank\">Dampfbootwochen auf den Juragew\u00e4ssern\/Solothurn<\/a><br>2022_August: <a href=\"https:\/\/www.youtube.com\/watch?v=rKeDko6WnvE\" data-type=\"URL\" data-id=\"https:\/\/www.youtube.com\/watch?v=rKeDko6WnvE\">Peter Zinsli und seine Aktivit\u00e4ten im Norden von Deutschland<\/a><\/p>\n\n\n\n<p><\/p>\n\n\n\n<p><\/p>\n","protected":false},"excerpt":{"rendered":"<p>Vereinsunterlagen VSD-VorstandVSD-FAQVSD-Dampfbootregister altVSD-Dampfbootregister aktuellVSD-Datenschutzerkl\u00e4rungVSD-Statuten 2020 deutschASV-Statuts 2020 fran\u00e7ais Mitgliederbereich Mitgliederbereich Beitr\u00e4ge und Artikel Dampf AtterseeNaphta-DampfbooteSchweizer_Familie_29_2019Dampfbootwochen auf den Juragew\u00e4ssern\/Solothurn2022_August: Peter Zinsli und seine Aktivit\u00e4ten im Norden von Deutschland<\/p>\n","protected":false},"author":1,"featured_media":0,"parent":0,"menu_order":0,"comment_status":"closed","ping_status":"closed","template":"","meta":{"footnotes":""},"class_list":["post-36","page","type-page","status-publish"],"_links":{"self":[{"href":"https:\/\/vsd-asv.ch\/index.php\/wp-json\/wp\/v2\/pages\/36","targetHints":{"allow":["GET"]}}],"collection":[{"href":"https:\/\/vsd-asv.ch\/index.php\/wp-json\/wp\/v2\/pages"}],"about":[{"href":"https:\/\/vsd-asv.ch\/index.php\/wp-json\/wp\/v2\/types\/page"}],"author":[{"embeddable":true,"href":"https:\/\/vsd-asv.ch\/index.php\/wp-json\/wp\/v2\/users\/1"}],"replies":[{"embeddable":true,"href":"https:\/\/vsd-asv.ch\/index.php\/wp-json\/wp\/v2\/comments?post=36"}],"version-history":[{"count":30,"href":"https:\/\/vsd-asv.ch\/index.php\/wp-json\/wp\/v2\/pages\/36\/revisions"}],"predecessor-version":[{"id":2312,"href":"https:\/\/vsd-asv.ch\/index.php\/wp-json\/wp\/v2\/pages\/36\/revisions\/2312"}],"wp:attachment":[{"href":"https:\/\/vsd-asv.ch\/index.php\/wp-json\/wp\/v2\/media?parent=36"}],"curies":[{"name":"wp","href":"https:\/\/api.w.org\/{rel}","templated":true}]}}